{"id":37,"date":"2023-06-27T09:27:21","date_gmt":"2023-06-27T09:27:21","guid":{"rendered":"https:\/\/jlbauditores.es\/?page_id=37"},"modified":"2023-11-29T12:10:40","modified_gmt":"2023-11-29T12:10:40","slug":"politica-de-privacidad","status":"publish","type":"page","link":"https:\/\/jlbauditores.es\/en\/politica-de-privacidad\/","title":{"rendered":"PRIVACY POLICY"},"content":{"rendered":"<div data-elementor-type=\"wp-page\" data-elementor-id=\"37\" class=\"elementor elementor-37\" data-elementor-post-type=\"page\">\n\t\t\t\t\t\t<section class=\"elementor-section elementor-top-section elementor-element elementor-element-d06baf0 elementor-section-boxed elementor-section-height-default elementor-section-height-default\" data-id=\"d06baf0\" data-element_type=\"section\" data-e-type=\"section\">\n\t\t\t\t\t\t<div class=\"elementor-container elementor-column-gap-default\">\n\t\t\t\t\t<div class=\"elementor-column elementor-col-100 elementor-top-column elementor-element elementor-element-5c656ce\" data-id=\"5c656ce\" data-element_type=\"column\" data-e-type=\"column\">\n\t\t\t<div class=\"elementor-widget-wrap elementor-element-populated\">\n\t\t\t\t\t\t<div class=\"elementor-element elementor-element-0a6240c elementor-widget elementor-widget-text-editor\" data-id=\"0a6240c\" data-element_type=\"widget\" data-e-type=\"widget\" data-widget_type=\"text-editor.default\">\n\t\t\t\t<div class=\"elementor-widget-container\">\n\t\t\t\t\t\t\t\t\t<h2>Privacy Policy<\/h2><p>En esta p\u00e1gina puedes encontrar informaci\u00f3n sobre c\u00f3mo se manejar\u00e1n y proteger\u00e1n tus datos personales. La pol\u00edtica de privacidad expresa c\u00f3mo JLB AUDITORES S.L. tratar\u00e1 la informaci\u00f3n personal de todas las personas que interact\u00faan con el sitio web. Te pedimos que leas cuidadosamente esta pol\u00edtica de privacidad antes de utilizar la web, la cual est\u00e1 redactada seg\u00fan las \u00faltimas directrices europeas, de forma que no necesites de un abogado para comprenderlas sino que simplemente leyendo cualquier persona esta pol\u00edtica pueda ser capaz de comprenderla totalmente.<\/p><p>De acuerdo con el Reglamento UE 2016\/679 y la Ley Org\u00e1nica 3\/2018, JLB AUDITORES S.L. te informa que al aceptar esta pol\u00edtica de privacidad, prestas tu consentimiento expreso, informado, libre e inequ\u00edvoco para que JLB AUDITORES S.L. procese tus datos personales, los cuales ser\u00e1n protegidos con medidas t\u00e9cnicas y organizativas adecuadas a la normativa vigente.<\/p><h2>Responsible for the website<\/h2><ul><li>Nombre del responsable: JLB AUDITORES S.L.<\/li><li>Nombre comercial: JLB AUDITORES S.L.<\/li><li>NIF\/CIF: B96183884<\/li><li>Physical address: Avinguda Cardenal Benlloch 45, 5\u00ba B, 46021 Valencia, Valencia (Spain)<\/li><li>Sitio web: jlbauditores.es<\/li><li>Actividad realizada: La principal actividad de JLB es la auditor\u00eda de cuentas anuales, y nuestro \u00e1mbito geogr\u00e1fico de actuaci\u00f3n es la Comunidad Valenciana, si bien atendemos a clientes en otra provincias de Espa\u00f1a.<\/li><li>Correo electr\u00f3nico de contacto: info@jlbauditores.es<\/li><\/ul><h2>Personal data processed<\/h2><p>The following data can be collected on this website, always to be able to offer the service that the website has as its purpose, depending on the actions carried out on the website by the user:<\/p><p>Browsing data: the website can know your IP address, device used, browser with which the user accesses the website and the browsing data and behavior of the user within the site. This is to be able to offer the best user experience to the users of the website.<\/p><p>Identification and contact data: name, surname, email or any other contact method provided that the user voluntarily indicates them.<\/p><p>Contractual data: in case of acquiring goods or services offered on the website.<\/p><h2>Legal basis of data processing<\/h2><p>User data is processed based on the following legal bases:<\/p><p>Legitimate interest of the data controller to protect users from any type of fraud or abuse in the use of the services.<\/p><p>Consent granted by the user regarding contact, subscriptions or commercial communications.<\/p><p>Ejecuci\u00f3n de contratos con JLB AUDITORES S.L. para contratar servicios y poder gestionar la entrega de los mismos.<\/p><h2>Time of conservation of personal data<\/h2><p>The time of conservation of the personal data of the users will be the shortest possible in any case, although it may be maintained for a longer time in case of having to comply with any legal imperative that requires such maintenance, as is the case of infractions and sanctions. in the social order (4 years), personal civil actions (5 years), for accounting purposes (6 years) and to comply with some regulations related to the Prevention of Money Laundering and Terrorist Financing (10 years). In any case, in general terms and without any of the circumstances that require greater maintenance of the data, the minimum possible time will be kept.<\/p><h2>What rights do you have regarding your data?<\/h2><p>Tus datos son tuyos, por lo que tendr\u00e1s todo el derecho a conocer el tratamiento de datos que se les da por parte de JLB AUDITORES S.L. a tus datos. En concreto, tendr\u00e1s derecho a:<\/p><ul><li>Access your data<\/li><li>Rectify or delete the data<\/li><li>Cancellation of data<\/li><li>Limitation of data processing<\/li><li>Opposition to treatment<\/li><li>Data portability at any time<\/li><\/ul><p>In addition, you have the right to withdraw consent at any time regarding the processing of your data, even if you have consented to it for a specific purpose within the web. In the event that you consider that the processing of your data violates your rights, you can contact the Data Protection Agency through the following link:\u00a0<a href=\"https:\/\/www.aepd.es\/\" target=\"_blank\" rel=\"noopener\">https:\/\/www.aepd.es\/<\/a><\/p><p>Si quieres ejercitar alguno de los derechos anteriormente descritos, puedes hacerlo en cualquier momento enviando un correo electr\u00f3nico a la direcci\u00f3n info@jlbauditores.es. Para ello necesitar\u00e1s enviar el formulario de ejercicio de derechos sobre datos personales, que podr\u00e1s solicitarnos v\u00eda email o descargar de la <a href=\"https:\/\/www.aepd.es\/\" target=\"_blank\" rel=\"noopener\">own\u00a0<\/a><a href=\"https:\/\/www.abogadosoviedolex.es\/\">Web\u00a0<\/a><a href=\"https:\/\/www.aepd.es\/\" target=\"_blank\" rel=\"noopener\">of the Data Protection Agency<\/a>. In any case, they must be signed electronically or by attaching a photocopy\/image of your ID or corresponding identification document.<\/p><p>The form can be sent both by email and by regular mail to the address Avinguda Cardenal Benlloch 45, 5\u00ba B, 46021 Valencia, Valencia (Spain).<\/p><h2>Security and security breach statement<\/h2><p>En jlbauditores.es tomamos todas las medidas a nuestro alcance y adecuadas al nivel de riesgo de los datos manejados para proteger tu informaci\u00f3n personal. En caso de que detectemos alguna brecha de seguridad o creamos razonablemente que alguno de tus datos puede haber sido expuesto, nos pondremos en contacto de forma inmediata para que puedas tomar las medidas de protecci\u00f3n necesarias frente a cualquier tipo de ataque dirigido contra tus datos personales.<\/p><h2>Security and maintenance of your data<\/h2><p>En jlbauditores.es nos comprometemos a utilizar y tratar tus datos personales con total confidencialidad, de manera acorde a la finalidad de los mismos, as\u00ed como adaptar todas las medidas para evitar cualquier tipo de alteraci\u00f3n o p\u00e9rdida de los mismos, as\u00ed como accesos no autorizados, en base a lo establecido por la normativa vigente en materia de protecci\u00f3n de datos.<\/p><p>Por otro lado, jlbauditores.es debe ser claro y transparente con el hecho de que, al igual que cualquier otro sitio web de internet, no podemos garantizar la seguridad y el no acceso autorizado por parte de piratas inform\u00e1ticos o cualquier otro individuo u organizaci\u00f3n criminal, lo cual podr\u00eda violar la confidencialidad de los datos custodiados.<\/p><p>Respecto del manejo de datos por otro tipo de procesamiento, jlbauditores.es se encargar\u00e1 siempre de que el procesamiento realizado por cualquier persona autorizada por JLB AUDITORES S.L. estar\u00e1 bajo la misma obligaci\u00f3n de confidencialidad que nosotros.<\/p><p>En cualquier caso, si en alg\u00fan momento hay alg\u00fan error o fuga de informaci\u00f3n o datos personales, JLB AUDITORES S.L. lo comunicar\u00e1 a la mayor brevedad posible a los usuarios afectados o potencialmente afectados por ello.<\/p><h2>Accuracy and veracity of the data<\/h2><p>Al ser quien los proporciona, el \u00fanico responsable de la veracidad de los datos proporcionados a www.evidence.es eres t\u00fa como usuario, no teniendo JLB AUDITORES S.L. ninguna responsabilidad respecto a la exactitud o veracidad de los datos. En cualquier caso, los usuarios deben proporcionar datos exactos y aut\u00e9nticos, manteniendo los mismos debidamente actualizados.<\/p><p>El usuario se compromete a proporcionar informaci\u00f3n correcta y completa en base a esta pol\u00edtica de privacidad siempre que remita datos de cualquier tipo JLB AUDITORES S.L. a trav\u00e9s de www.evidence.es.<\/p><h2>Data revocability<\/h2><p>El usuario presta su consentimiento para el tratamiento y cesi\u00f3n de los datos en los t\u00e9rminos expuestos, pero este no es un derecho absoluto, dado que puede ser revocado por el titular de los datos en cualquier momento, con la mera manifestaci\u00f3n de su voluntad y llevando a cabo el procedimiento descrito anteriormente para el ejercicio de los derechos arco ante JLB AUDITORES S.L.. En cualquier caso, esta revocaci\u00f3n no tendr\u00e1 car\u00e1cter retroactivo en ning\u00fan caso.<\/p><h2>Privacy Policy Changes<\/h2><p>JLB AUDITORES S.L. tiene reservado el derecho a modificar la presente pol\u00edtica de privacidad para adaptarla a las novedades legislativas que existan en el futuro, as\u00ed como a las propias pr\u00e1cticas comunes de la industria o particulares de JLB AUDITORES S.L.. En caso de actualizaci\u00f3n de las pol\u00edticas, se anunciar\u00e1n en esta p\u00e1gina cualesquiera cambios con anterioridad a la aplicaci\u00f3n y obligatoriedad de los mismos.<\/p>\t\t\t\t\t\t\t\t<\/div>\n\t\t\t\t<\/div>\n\t\t\t\t\t<\/div>\n\t\t<\/div>\n\t\t\t\t\t<\/div>\n\t\t<\/section>\n\t\t\t\t<\/div>","protected":false},"excerpt":{"rendered":"<p>Pol\u00edtica de Privacidad En esta p\u00e1gina puedes encontrar informaci\u00f3n sobre c\u00f3mo se manejar\u00e1n y proteger\u00e1n tus datos personales. La pol\u00edtica de privacidad expresa c\u00f3mo JLB AUDITORES S.L. tratar\u00e1 la informaci\u00f3n personal de todas las personas que interact\u00faan con el sitio web. Te pedimos que leas cuidadosamente esta pol\u00edtica de privacidad antes de utilizar la web, [&hellip;]<\/p>\n","protected":false},"author":1,"featured_media":0,"parent":0,"menu_order":0,"comment_status":"closed","ping_status":"closed","template":"","meta":{"footnotes":""},"class_list":["post-37","page","type-page","status-publish","hentry"],"yoast_head":"<!-- This site is optimized with the Yoast SEO plugin v27.1.1 - https:\/\/yoast.com\/product\/yoast-seo-wordpress\/ -->\n<title>POLITICA DE PRIVACIDAD - JLB auditores<\/title>\n<meta name=\"robots\" content=\"noindex, follow\" \/>\n<meta property=\"og:locale\" content=\"en_US\" \/>\n<meta property=\"og:type\" content=\"article\" \/>\n<meta property=\"og:title\" content=\"POLITICA DE PRIVACIDAD - JLB auditores\" \/>\n<meta property=\"og:description\" content=\"Pol\u00edtica de Privacidad En esta p\u00e1gina puedes encontrar informaci\u00f3n sobre c\u00f3mo se manejar\u00e1n y proteger\u00e1n tus datos personales. La pol\u00edtica de privacidad expresa c\u00f3mo JLB AUDITORES S.L. tratar\u00e1 la informaci\u00f3n personal de todas las personas que interact\u00faan con el sitio web. Te pedimos que leas cuidadosamente esta pol\u00edtica de privacidad antes de utilizar la web, [&hellip;]\" \/>\n<meta property=\"og:url\" content=\"https:\/\/jlbauditores.es\/en\/politica-de-privacidad\/\" \/>\n<meta property=\"og:site_name\" content=\"JLB auditores\" \/>\n<meta property=\"article:modified_time\" content=\"2023-11-29T12:10:40+00:00\" \/>\n<meta name=\"twitter:card\" content=\"summary_large_image\" \/>\n<meta name=\"twitter:label1\" content=\"Est. reading time\" \/>\n\t<meta name=\"twitter:data1\" content=\"6 minutes\" \/>\n<script type=\"application\/ld+json\" class=\"yoast-schema-graph\">{\"@context\":\"https:\/\/schema.org\",\"@graph\":[{\"@type\":\"WebPage\",\"@id\":\"https:\/\/jlbauditores.es\/politica-de-privacidad\/\",\"url\":\"https:\/\/jlbauditores.es\/politica-de-privacidad\/\",\"name\":\"POLITICA DE PRIVACIDAD - JLB auditores\",\"isPartOf\":{\"@id\":\"https:\/\/jlbauditores.es\/#website\"},\"datePublished\":\"2023-06-27T09:27:21+00:00\",\"dateModified\":\"2023-11-29T12:10:40+00:00\",\"breadcrumb\":{\"@id\":\"https:\/\/jlbauditores.es\/politica-de-privacidad\/#breadcrumb\"},\"inLanguage\":\"en-US\",\"potentialAction\":[{\"@type\":\"ReadAction\",\"target\":[\"https:\/\/jlbauditores.es\/politica-de-privacidad\/\"]}]},{\"@type\":\"BreadcrumbList\",\"@id\":\"https:\/\/jlbauditores.es\/politica-de-privacidad\/#breadcrumb\",\"itemListElement\":[{\"@type\":\"ListItem\",\"position\":1,\"name\":\"Portada\",\"item\":\"https:\/\/jlbauditores.es\/\"},{\"@type\":\"ListItem\",\"position\":2,\"name\":\"POLITICA DE PRIVACIDAD\"}]},{\"@type\":\"WebSite\",\"@id\":\"https:\/\/jlbauditores.es\/#website\",\"url\":\"https:\/\/jlbauditores.es\/\",\"name\":\"Evidence\",\"description\":\"JLB auditores\",\"publisher\":{\"@id\":\"https:\/\/jlbauditores.es\/#organization\"},\"alternateName\":\"evidence auditores\",\"potentialAction\":[{\"@type\":\"SearchAction\",\"target\":{\"@type\":\"EntryPoint\",\"urlTemplate\":\"https:\/\/jlbauditores.es\/?s={search_term_string}\"},\"query-input\":{\"@type\":\"PropertyValueSpecification\",\"valueRequired\":true,\"valueName\":\"search_term_string\"}}],\"inLanguage\":\"en-US\"},{\"@type\":\"Organization\",\"@id\":\"https:\/\/jlbauditores.es\/#organization\",\"name\":\"Evidence auditores S.L\",\"url\":\"https:\/\/jlbauditores.es\/\",\"logo\":{\"@type\":\"ImageObject\",\"inLanguage\":\"en-US\",\"@id\":\"https:\/\/jlbauditores.es\/#\/schema\/logo\/image\/\",\"url\":\"https:\/\/jlbauditores.es\/wp-content\/uploads\/cropped-Auditores.png\",\"contentUrl\":\"https:\/\/jlbauditores.es\/wp-content\/uploads\/cropped-Auditores.png\",\"width\":500,\"height\":195,\"caption\":\"Evidence auditores S.L\"},\"image\":{\"@id\":\"https:\/\/jlbauditores.es\/#\/schema\/logo\/image\/\"}}]}<\/script>\n<!-- \/ Yoast SEO plugin. -->","yoast_head_json":{"title":"POLITICA DE PRIVACIDAD - JLB auditores","robots":{"index":"noindex","follow":"follow"},"og_locale":"en_US","og_type":"article","og_title":"POLITICA DE PRIVACIDAD - JLB auditores","og_description":"Pol\u00edtica de Privacidad En esta p\u00e1gina puedes encontrar informaci\u00f3n sobre c\u00f3mo se manejar\u00e1n y proteger\u00e1n tus datos personales. La pol\u00edtica de privacidad expresa c\u00f3mo JLB AUDITORES S.L. tratar\u00e1 la informaci\u00f3n personal de todas las personas que interact\u00faan con el sitio web. Te pedimos que leas cuidadosamente esta pol\u00edtica de privacidad antes de utilizar la web, [&hellip;]","og_url":"https:\/\/jlbauditores.es\/en\/politica-de-privacidad\/","og_site_name":"JLB auditores","article_modified_time":"2023-11-29T12:10:40+00:00","twitter_card":"summary_large_image","twitter_misc":{"Est. reading time":"6 minutes"},"schema":{"@context":"https:\/\/schema.org","@graph":[{"@type":"WebPage","@id":"https:\/\/jlbauditores.es\/politica-de-privacidad\/","url":"https:\/\/jlbauditores.es\/politica-de-privacidad\/","name":"POLITICA DE PRIVACIDAD - JLB auditores","isPartOf":{"@id":"https:\/\/jlbauditores.es\/#website"},"datePublished":"2023-06-27T09:27:21+00:00","dateModified":"2023-11-29T12:10:40+00:00","breadcrumb":{"@id":"https:\/\/jlbauditores.es\/politica-de-privacidad\/#breadcrumb"},"inLanguage":"en-US","potentialAction":[{"@type":"ReadAction","target":["https:\/\/jlbauditores.es\/politica-de-privacidad\/"]}]},{"@type":"BreadcrumbList","@id":"https:\/\/jlbauditores.es\/politica-de-privacidad\/#breadcrumb","itemListElement":[{"@type":"ListItem","position":1,"name":"Portada","item":"https:\/\/jlbauditores.es\/"},{"@type":"ListItem","position":2,"name":"POLITICA DE PRIVACIDAD"}]},{"@type":"WebSite","@id":"https:\/\/jlbauditores.es\/#website","url":"https:\/\/jlbauditores.es\/","name":"Evidence","description":"JLB auditores","publisher":{"@id":"https:\/\/jlbauditores.es\/#organization"},"alternateName":"evidence auditores","potentialAction":[{"@type":"SearchAction","target":{"@type":"EntryPoint","urlTemplate":"https:\/\/jlbauditores.es\/?s={search_term_string}"},"query-input":{"@type":"PropertyValueSpecification","valueRequired":true,"valueName":"search_term_string"}}],"inLanguage":"en-US"},{"@type":"Organization","@id":"https:\/\/jlbauditores.es\/#organization","name":"Evidence auditores S.L","url":"https:\/\/jlbauditores.es\/","logo":{"@type":"ImageObject","inLanguage":"en-US","@id":"https:\/\/jlbauditores.es\/#\/schema\/logo\/image\/","url":"https:\/\/jlbauditores.es\/wp-content\/uploads\/cropped-Auditores.png","contentUrl":"https:\/\/jlbauditores.es\/wp-content\/uploads\/cropped-Auditores.png","width":500,"height":195,"caption":"Evidence auditores S.L"},"image":{"@id":"https:\/\/jlbauditores.es\/#\/schema\/logo\/image\/"}}]}},"_links":{"self":[{"href":"https:\/\/jlbauditores.es\/en\/wp-json\/wp\/v2\/pages\/37","targetHints":{"allow":["GET"]}}],"collection":[{"href":"https:\/\/jlbauditores.es\/en\/wp-json\/wp\/v2\/pages"}],"about":[{"href":"https:\/\/jlbauditores.es\/en\/wp-json\/wp\/v2\/types\/page"}],"author":[{"embeddable":true,"href":"https:\/\/jlbauditores.es\/en\/wp-json\/wp\/v2\/users\/1"}],"replies":[{"embeddable":true,"href":"https:\/\/jlbauditores.es\/en\/wp-json\/wp\/v2\/comments?post=37"}],"version-history":[{"count":11,"href":"https:\/\/jlbauditores.es\/en\/wp-json\/wp\/v2\/pages\/37\/revisions"}],"predecessor-version":[{"id":833,"href":"https:\/\/jlbauditores.es\/en\/wp-json\/wp\/v2\/pages\/37\/revisions\/833"}],"wp:attachment":[{"href":"https:\/\/jlbauditores.es\/en\/wp-json\/wp\/v2\/media?parent=37"}],"curies":[{"name":"wp","href":"https:\/\/api.w.org\/{rel}","templated":true}]}}