{"id":18,"date":"2023-06-27T09:23:31","date_gmt":"2023-06-27T09:23:31","guid":{"rendered":"https:\/\/jlbauditores.es\/?page_id=18"},"modified":"2025-04-15T06:28:39","modified_gmt":"2025-04-15T06:28:39","slug":"aviso-legal","status":"publish","type":"page","link":"https:\/\/jlbauditores.es\/en\/aviso-legal\/","title":{"rendered":"Legal warning"},"content":{"rendered":"<div data-elementor-type=\"wp-page\" data-elementor-id=\"18\" class=\"elementor elementor-18\" data-elementor-post-type=\"page\">\n\t\t\t\t\t\t<section class=\"elementor-section elementor-top-section elementor-element elementor-element-4da2a66 elementor-section-boxed elementor-section-height-default elementor-section-height-default\" data-id=\"4da2a66\" data-element_type=\"section\" data-e-type=\"section\">\n\t\t\t\t\t\t<div class=\"elementor-container elementor-column-gap-default\">\n\t\t\t\t\t<div class=\"elementor-column elementor-col-100 elementor-top-column elementor-element elementor-element-85bc754\" data-id=\"85bc754\" data-element_type=\"column\" data-e-type=\"column\">\n\t\t\t<div class=\"elementor-widget-wrap elementor-element-populated\">\n\t\t\t\t\t\t<div class=\"elementor-element elementor-element-80e6d3a elementor-widget elementor-widget-text-editor\" data-id=\"80e6d3a\" data-element_type=\"widget\" data-e-type=\"widget\" data-widget_type=\"text-editor.default\">\n\t\t\t\t<div class=\"elementor-widget-container\">\n\t\t\t\t\t\t\t\t\t<h1>AVISO LEGAL<\/h1><h2>Aviso legal y Protecci\u00f3n de Datos Personales<\/h2><p>En cumplimiento con la normativa vigente sobre protecci\u00f3n de datos (Ley Org\u00e1nica 15\/1999, de 13 de diciembre), te informamos que los datos personales recabados en nuestra p\u00e1gina web forman parte de los ficheros responsabilidad de JLB AUDITORES S.L. (en adelante, JLB).<\/p><p data-pm-slice=\"1 1 []\">Para m\u00e1s informaci\u00f3n sobre la normativa de protecci\u00f3n de datos, puedes visitar el sitio web de la Agencia Espa\u00f1ola de Protecci\u00f3n de Datos:\u00a0<a href=\"https:\/\/www.aepd.es\/\">www.aepd.es<\/a>.<\/p><h4>Finalidad del tratamiento de datos<\/h4><p>Los datos personales se tratar\u00e1n exclusivamente para atender las consultas y solicitudes de informaci\u00f3n sobre los servicios ofrecidos. JLB utilizar\u00e1 tus datos conforme a esta Pol\u00edtica de Privacidad.<\/p><h4>Derechos de los usuarios<\/h4><p>Puedes ejercer tus derechos de acceso, rectificaci\u00f3n, cancelaci\u00f3n y oposici\u00f3n dirigi\u00e9ndote por escrito a la siguiente direcci\u00f3n: AVDA CARDENAL BENLLOCH 45, 5\u00aa B (Valencia, Espa\u00f1a)<\/p><h2>Condiciones de uso<\/h2><h3>Raz\u00f3n Social y Datos del Contacto<\/h3><ul><li><p>Raz\u00f3n Social: JLB AUDITORES S.L.<\/p><\/li><li><p>CIF: B96183884<\/p><\/li><li><p>Direcci\u00f3n: Avinguda Cardenal Benlloch 45, 5 \u00ba AB 46021 Valencia, Espa\u00f1a<\/p><\/li><li><p>Correo Electr\u00f3nico:\u00a0<a>info@jlbauditores.es<\/a><\/p><\/li><li><p>Telephone: 963 958 956<\/p><\/li><li><p>Datos Registrales: Inscrita en el Registro Mercantil de Valencia, Tomo 4625; Folio 51; N\u00ba de hoja registral V-28780.<\/p><\/li><\/ul><h3>Use of the website<\/h3><p>El usuario asume la responsabilidad de utilizar el sitio web de manera legal y \u00e9tica. Se compromete a proporcionar informaci\u00f3n veraz y l\u00edcita al registrarse para acceder a los servicios y contenidos.<\/p><h2>Compromiso de Uso Responsable<\/h2><p>El usuario se compromete a usar la web y sus contenidos de manera \u00e9tica y responsable. Est\u00e1 prohibido:<\/p><ul><li>Realizar actividades il\u00edcitas o contrarias al orden p\u00fablico.<\/li><li>Difundir contenido discriminatorio, racista, pornogr\u00e1fico o atentatorio contra los derechos humanos.<\/li><li>Provocar da\u00f1os en los sistemas de EVIDENCE o de terceros.<\/li><li>Intentar acceder a cuentas de otros usuarios o modificar sus mensajes.<\/li><\/ul><p>JLB se reserva el derecho de retirar cualquier comentario o aporte que no respete estas condiciones.<\/p><h2>Pol\u00edtica de Enlaces<\/h2><p>JLB no se responsabiliza del contenido de los sitios web enlazados ni de sus actualizaciones. Los enlaces se proporcionan \u00fanicamente como conveniencia, pero no implican aprobaci\u00f3n por parte de JLB.<\/p><h2>Derechos de Propiedad Intelectual<\/h2><p>JLB es titular de todos los derechos de propiedad intelectual relacionados con su p\u00e1gina web, incluidos textos, im\u00e1genes, v\u00eddeos, sonidos, software, marcas y logotipos. La reproducci\u00f3n sin autorizaci\u00f3n queda prohibida.<\/p><h2>Limitaci\u00f3n de Responsabilidad<\/h2><p>JLB ser\u00e1 responsable solo por los da\u00f1os atribuibles directamente a una actuaci\u00f3n incorrecta de la empresa. Los usuarios deben proteger sus equipos y datos mientras navegan por la web.<\/p><h2>Jurisdicci\u00f3n y Leyes Aplicables en el Aviso legal<\/h2><p>La ley aplicable ser\u00e1 la Ley Espa\u00f1ola. En caso de disputa, ambas partes se someten expresamente a los Juzgados y Tribunales de Valencia.<\/p><h2>Modificaci\u00f3n de las Condiciones de Uso en el Aviso legal<\/h2><p>Estas condiciones pueden ser actualizadas para adaptarse a cambios legislativos, nuevos servicios o procedimientos. Los cambios se publicar\u00e1n en la web y ser\u00e1n efectivos de inmediato.<\/p>\t\t\t\t\t\t\t\t<\/div>\n\t\t\t\t<\/div>\n\t\t\t\t\t<\/div>\n\t\t<\/div>\n\t\t\t\t\t<\/div>\n\t\t<\/section>\n\t\t\t\t<\/div>","protected":false},"excerpt":{"rendered":"<p>AVISO LEGAL Aviso legal y Protecci\u00f3n de Datos Personales En cumplimiento con la normativa vigente sobre protecci\u00f3n de datos (Ley Org\u00e1nica 15\/1999, de 13 de diciembre), te informamos que los datos personales recabados en nuestra p\u00e1gina web forman parte de los ficheros responsabilidad de JLB AUDITORES S.L. (en adelante, JLB). Para m\u00e1s informaci\u00f3n sobre la [&hellip;]<\/p>\n","protected":false},"author":1,"featured_media":0,"parent":0,"menu_order":0,"comment_status":"closed","ping_status":"closed","template":"","meta":{"footnotes":""},"class_list":["post-18","page","type-page","status-publish","hentry"],"yoast_head":"<!-- This site is optimized with the Yoast SEO plugin v27.1.1 - https:\/\/yoast.com\/product\/yoast-seo-wordpress\/ -->\n<title>Aviso legal - JLB auditores<\/title>\n<meta name=\"robots\" content=\"noindex, follow\" \/>\n<meta property=\"og:locale\" content=\"en_US\" \/>\n<meta property=\"og:type\" content=\"article\" \/>\n<meta property=\"og:title\" content=\"Aviso legal - JLB auditores\" \/>\n<meta property=\"og:description\" content=\"AVISO LEGAL Aviso legal y Protecci\u00f3n de Datos Personales En cumplimiento con la normativa vigente sobre protecci\u00f3n de datos (Ley Org\u00e1nica 15\/1999, de 13 de diciembre), te informamos que los datos personales recabados en nuestra p\u00e1gina web forman parte de los ficheros responsabilidad de JLB AUDITORES S.L. (en adelante, JLB). Para m\u00e1s informaci\u00f3n sobre la [&hellip;]\" \/>\n<meta property=\"og:url\" content=\"https:\/\/jlbauditores.es\/en\/aviso-legal\/\" \/>\n<meta property=\"og:site_name\" content=\"JLB auditores\" \/>\n<meta property=\"article:modified_time\" content=\"2025-04-15T06:28:39+00:00\" \/>\n<meta name=\"twitter:card\" content=\"summary_large_image\" \/>\n<meta name=\"twitter:label1\" content=\"Est. reading time\" \/>\n\t<meta name=\"twitter:data1\" content=\"3 minutes\" \/>\n<script type=\"application\/ld+json\" class=\"yoast-schema-graph\">{\"@context\":\"https:\/\/schema.org\",\"@graph\":[{\"@type\":\"WebPage\",\"@id\":\"https:\/\/jlbauditores.es\/aviso-legal\/\",\"url\":\"https:\/\/jlbauditores.es\/aviso-legal\/\",\"name\":\"Aviso legal - JLB auditores\",\"isPartOf\":{\"@id\":\"https:\/\/jlbauditores.es\/#website\"},\"datePublished\":\"2023-06-27T09:23:31+00:00\",\"dateModified\":\"2025-04-15T06:28:39+00:00\",\"breadcrumb\":{\"@id\":\"https:\/\/jlbauditores.es\/aviso-legal\/#breadcrumb\"},\"inLanguage\":\"en-US\",\"potentialAction\":[{\"@type\":\"ReadAction\",\"target\":[\"https:\/\/jlbauditores.es\/aviso-legal\/\"]}]},{\"@type\":\"BreadcrumbList\",\"@id\":\"https:\/\/jlbauditores.es\/aviso-legal\/#breadcrumb\",\"itemListElement\":[{\"@type\":\"ListItem\",\"position\":1,\"name\":\"Portada\",\"item\":\"https:\/\/jlbauditores.es\/\"},{\"@type\":\"ListItem\",\"position\":2,\"name\":\"Aviso legal\"}]},{\"@type\":\"WebSite\",\"@id\":\"https:\/\/jlbauditores.es\/#website\",\"url\":\"https:\/\/jlbauditores.es\/\",\"name\":\"Evidence\",\"description\":\"JLB auditores\",\"publisher\":{\"@id\":\"https:\/\/jlbauditores.es\/#organization\"},\"alternateName\":\"evidence auditores\",\"potentialAction\":[{\"@type\":\"SearchAction\",\"target\":{\"@type\":\"EntryPoint\",\"urlTemplate\":\"https:\/\/jlbauditores.es\/?s={search_term_string}\"},\"query-input\":{\"@type\":\"PropertyValueSpecification\",\"valueRequired\":true,\"valueName\":\"search_term_string\"}}],\"inLanguage\":\"en-US\"},{\"@type\":\"Organization\",\"@id\":\"https:\/\/jlbauditores.es\/#organization\",\"name\":\"Evidence auditores S.L\",\"url\":\"https:\/\/jlbauditores.es\/\",\"logo\":{\"@type\":\"ImageObject\",\"inLanguage\":\"en-US\",\"@id\":\"https:\/\/jlbauditores.es\/#\/schema\/logo\/image\/\",\"url\":\"https:\/\/jlbauditores.es\/wp-content\/uploads\/cropped-Auditores.png\",\"contentUrl\":\"https:\/\/jlbauditores.es\/wp-content\/uploads\/cropped-Auditores.png\",\"width\":500,\"height\":195,\"caption\":\"Evidence auditores S.L\"},\"image\":{\"@id\":\"https:\/\/jlbauditores.es\/#\/schema\/logo\/image\/\"}}]}<\/script>\n<!-- \/ Yoast SEO plugin. -->","yoast_head_json":{"title":"Aviso legal - JLB auditores","robots":{"index":"noindex","follow":"follow"},"og_locale":"en_US","og_type":"article","og_title":"Aviso legal - JLB auditores","og_description":"AVISO LEGAL Aviso legal y Protecci\u00f3n de Datos Personales En cumplimiento con la normativa vigente sobre protecci\u00f3n de datos (Ley Org\u00e1nica 15\/1999, de 13 de diciembre), te informamos que los datos personales recabados en nuestra p\u00e1gina web forman parte de los ficheros responsabilidad de JLB AUDITORES S.L. (en adelante, JLB). Para m\u00e1s informaci\u00f3n sobre la [&hellip;]","og_url":"https:\/\/jlbauditores.es\/en\/aviso-legal\/","og_site_name":"JLB auditores","article_modified_time":"2025-04-15T06:28:39+00:00","twitter_card":"summary_large_image","twitter_misc":{"Est. reading time":"3 minutes"},"schema":{"@context":"https:\/\/schema.org","@graph":[{"@type":"WebPage","@id":"https:\/\/jlbauditores.es\/aviso-legal\/","url":"https:\/\/jlbauditores.es\/aviso-legal\/","name":"Aviso legal - JLB auditores","isPartOf":{"@id":"https:\/\/jlbauditores.es\/#website"},"datePublished":"2023-06-27T09:23:31+00:00","dateModified":"2025-04-15T06:28:39+00:00","breadcrumb":{"@id":"https:\/\/jlbauditores.es\/aviso-legal\/#breadcrumb"},"inLanguage":"en-US","potentialAction":[{"@type":"ReadAction","target":["https:\/\/jlbauditores.es\/aviso-legal\/"]}]},{"@type":"BreadcrumbList","@id":"https:\/\/jlbauditores.es\/aviso-legal\/#breadcrumb","itemListElement":[{"@type":"ListItem","position":1,"name":"Portada","item":"https:\/\/jlbauditores.es\/"},{"@type":"ListItem","position":2,"name":"Aviso legal"}]},{"@type":"WebSite","@id":"https:\/\/jlbauditores.es\/#website","url":"https:\/\/jlbauditores.es\/","name":"Evidence","description":"JLB auditores","publisher":{"@id":"https:\/\/jlbauditores.es\/#organization"},"alternateName":"evidence auditores","potentialAction":[{"@type":"SearchAction","target":{"@type":"EntryPoint","urlTemplate":"https:\/\/jlbauditores.es\/?s={search_term_string}"},"query-input":{"@type":"PropertyValueSpecification","valueRequired":true,"valueName":"search_term_string"}}],"inLanguage":"en-US"},{"@type":"Organization","@id":"https:\/\/jlbauditores.es\/#organization","name":"Evidence auditores S.L","url":"https:\/\/jlbauditores.es\/","logo":{"@type":"ImageObject","inLanguage":"en-US","@id":"https:\/\/jlbauditores.es\/#\/schema\/logo\/image\/","url":"https:\/\/jlbauditores.es\/wp-content\/uploads\/cropped-Auditores.png","contentUrl":"https:\/\/jlbauditores.es\/wp-content\/uploads\/cropped-Auditores.png","width":500,"height":195,"caption":"Evidence auditores S.L"},"image":{"@id":"https:\/\/jlbauditores.es\/#\/schema\/logo\/image\/"}}]}},"_links":{"self":[{"href":"https:\/\/jlbauditores.es\/en\/wp-json\/wp\/v2\/pages\/18","targetHints":{"allow":["GET"]}}],"collection":[{"href":"https:\/\/jlbauditores.es\/en\/wp-json\/wp\/v2\/pages"}],"about":[{"href":"https:\/\/jlbauditores.es\/en\/wp-json\/wp\/v2\/types\/page"}],"author":[{"embeddable":true,"href":"https:\/\/jlbauditores.es\/en\/wp-json\/wp\/v2\/users\/1"}],"replies":[{"embeddable":true,"href":"https:\/\/jlbauditores.es\/en\/wp-json\/wp\/v2\/comments?post=18"}],"version-history":[{"count":11,"href":"https:\/\/jlbauditores.es\/en\/wp-json\/wp\/v2\/pages\/18\/revisions"}],"predecessor-version":[{"id":907,"href":"https:\/\/jlbauditores.es\/en\/wp-json\/wp\/v2\/pages\/18\/revisions\/907"}],"wp:attachment":[{"href":"https:\/\/jlbauditores.es\/en\/wp-json\/wp\/v2\/media?parent=18"}],"curies":[{"name":"wp","href":"https:\/\/api.w.org\/{rel}","templated":true}]}}