{"id":16,"date":"2023-06-27T09:23:15","date_gmt":"2023-06-27T09:23:15","guid":{"rendered":"https:\/\/jlbauditores.es\/?page_id=16"},"modified":"2025-04-15T07:24:18","modified_gmt":"2025-04-15T07:24:18","slug":"accesibilidad","status":"publish","type":"page","link":"https:\/\/jlbauditores.es\/en\/accesibilidad\/","title":{"rendered":"Accessibility"},"content":{"rendered":"<div data-elementor-type=\"wp-page\" data-elementor-id=\"16\" class=\"elementor elementor-16\" data-elementor-post-type=\"page\">\n\t\t\t\t\t\t<section class=\"elementor-section elementor-top-section elementor-element elementor-element-59c7646 elementor-section-boxed elementor-section-height-default elementor-section-height-default\" data-id=\"59c7646\" data-element_type=\"section\" data-e-type=\"section\">\n\t\t\t\t\t\t<div class=\"elementor-container elementor-column-gap-default\">\n\t\t\t\t\t<div class=\"elementor-column elementor-col-100 elementor-top-column elementor-element elementor-element-e6434a6\" data-id=\"e6434a6\" data-element_type=\"column\" data-e-type=\"column\">\n\t\t\t<div class=\"elementor-widget-wrap elementor-element-populated\">\n\t\t\t\t\t\t<div class=\"elementor-element elementor-element-7abf60f elementor-widget elementor-widget-text-editor\" data-id=\"7abf60f\" data-element_type=\"widget\" data-e-type=\"widget\" data-widget_type=\"text-editor.default\">\n\t\t\t\t<div class=\"elementor-widget-container\">\n\t\t\t\t\t\t\t\t\t<h1>ACCESSIBILITY STATEMENT<\/h1><p>Evidence Auditores S.L se ha comprometido a hacer accesible este sitio web. En esta Declaraci\u00f3n de accesibilidad web, cumplimos con el Real Decreto 1112\/2018, de 7 de septiembre, garantizando el acceso a todos los usuarios.<\/p><h4>Situaci\u00f3n de cumplimiento<\/h4><p>Esta Declaraci\u00f3n de accesibilidad web detalla las medidas adoptadas para cumplir con la normativa vigente.<\/p><p>This website is partially compliant with RD 1112\/2018 due to the exceptions and the lack of compliance of the aspects indicated below.<\/p><h4>content not accessible<\/h4><p>The content listed below is not accessible for the following reasons:<\/p><ul><li>Falta de conformidad con el RD 1112\/2018: Algunas de las publicaciones podr\u00edan existir p\u00e1ginas con un incorrecto anidamiento de etiquetas HTML.<\/li><li>Carga desproporcionada: No aplica.<\/li><\/ul><h4>Preparaci\u00f3n de la presente declaraci\u00f3n<\/h4><p>La presente Declaraci\u00f3n de accesibilidad fue preparada el 08\/06\/2023 mediante una autoevaluaci\u00f3n realizada por el equipo de Evidence Auditores S.L.<\/p><h4>Observaciones y datos de contacto<\/h4><p>Los usuarios pueden comunicar problemas de accesibilidad de acuerdo con el art\u00edculo 10.2.a del RD 1112\/2018. Puede:<\/p><ul><li>Informar sobre cualquier posible incumplimiento de accesibilidad.<\/li><li>Reportar dificultades de acceso al contenido.<\/li><li>Formular cualquier consulta o sugerencia de mejora relativa a la accesibilidad del sitio web a trav\u00e9s del formulario de contacto de este sitio web.<\/li><\/ul><h4>Caracter\u00edsticas de accesibilidad del sitio web<\/h4><h5>This website:<\/h5><ul data-spread=\"false\" data-pm-slice=\"3 3 []\"><li><p>Cumple con los puntos de verificaci\u00f3n de prioridad 2 (AA) definidos en las Pautas de Accesibilidad al Contenido en la Web (WCAG 2.1).<\/p><\/li><li><p>Se ajusta a los requisitos de la Norma UNE-EN 301549:2019, con excepciones seg\u00fan el RD 1112\/2018.<\/p><\/li><li><p>Ha sido dise\u00f1ado para una correcta visualizaci\u00f3n en escritorio, tablet y m\u00f3vil con una resoluci\u00f3n m\u00ednima de 1280\u00d71024.<\/p><\/li><li><p>Utiliza HTML5 como lenguaje de marcado y CSS3 para el dise\u00f1o.<\/p><\/li><li><p>Es compatible con JavaScript no intrusivo, ofreciendo alternativas si el navegador no lo soporta.<\/p><\/li><\/ul><h5>Text size:<\/h5><p>Fonts with relative sizes have been used so that if the user prefers a larger font, they can select it through the text size options of their browser, generally Ctrl+ (control plus) to enlarge, Ctrl- (control minus) to reduce.<\/p><h5>Estructura de las p\u00e1ginas:<\/h5><p>Este portal est\u00e1 dise\u00f1ado con un formato com\u00fan para todas las p\u00e1ginas para conseguir una mejor navegaci\u00f3n para las personas que necesitan ayudas t\u00e9cnicas.<\/p><p>The pages are made up, broadly speaking, of the following areas:<\/p><ol><li>Cabecera, con acceso a la p\u00e1gina de inicio.<\/li><li>Men\u00fa principal de navegaci\u00f3n, con las opciones principales de la web.<\/li><li>Zona central de contenidos que variar\u00e1 en funci\u00f3n de la p\u00e1gina.<\/li><li>Pie, en el que se incluye la informaci\u00f3n de JLB AUDITORES S.L.<\/li><\/ol>\t\t\t\t\t\t\t\t<\/div>\n\t\t\t\t<\/div>\n\t\t\t\t\t<\/div>\n\t\t<\/div>\n\t\t\t\t\t<\/div>\n\t\t<\/section>\n\t\t\t\t<\/div>","protected":false},"excerpt":{"rendered":"<p>DECLARACI\u00d3N DE ACCESIBILIDAD Evidence Auditores S.L se ha comprometido a hacer accesible este sitio web. En esta Declaraci\u00f3n de accesibilidad web, cumplimos con el Real Decreto 1112\/2018, de 7 de septiembre, garantizando el acceso a todos los usuarios. Situaci\u00f3n de cumplimiento Esta Declaraci\u00f3n de accesibilidad web detalla las medidas adoptadas para cumplir con la normativa [&hellip;]<\/p>\n","protected":false},"author":1,"featured_media":0,"parent":0,"menu_order":0,"comment_status":"closed","ping_status":"closed","template":"","meta":{"footnotes":""},"class_list":["post-16","page","type-page","status-publish","hentry"],"yoast_head":"<!-- This site is optimized with the Yoast SEO plugin v27.1.1 - https:\/\/yoast.com\/product\/yoast-seo-wordpress\/ -->\n<title>Accesibilidad - JLB auditores<\/title>\n<meta name=\"robots\" content=\"index, follow, max-snippet:-1, max-image-preview:large, max-video-preview:-1\" \/>\n<link rel=\"canonical\" href=\"https:\/\/jlbauditores.es\/en\/accesibilidad\/\" \/>\n<meta property=\"og:locale\" content=\"en_US\" \/>\n<meta property=\"og:type\" content=\"article\" \/>\n<meta property=\"og:title\" content=\"Accesibilidad - JLB auditores\" \/>\n<meta property=\"og:description\" content=\"DECLARACI\u00d3N DE ACCESIBILIDAD Evidence Auditores S.L se ha comprometido a hacer accesible este sitio web. En esta Declaraci\u00f3n de accesibilidad web, cumplimos con el Real Decreto 1112\/2018, de 7 de septiembre, garantizando el acceso a todos los usuarios. Situaci\u00f3n de cumplimiento Esta Declaraci\u00f3n de accesibilidad web detalla las medidas adoptadas para cumplir con la normativa [&hellip;]\" \/>\n<meta property=\"og:url\" content=\"https:\/\/jlbauditores.es\/en\/accesibilidad\/\" \/>\n<meta property=\"og:site_name\" content=\"JLB auditores\" \/>\n<meta property=\"article:modified_time\" content=\"2025-04-15T07:24:18+00:00\" \/>\n<meta name=\"twitter:card\" content=\"summary_large_image\" \/>\n<meta name=\"twitter:label1\" content=\"Est. reading time\" \/>\n\t<meta name=\"twitter:data1\" content=\"2 minutes\" \/>\n<script type=\"application\/ld+json\" class=\"yoast-schema-graph\">{\"@context\":\"https:\/\/schema.org\",\"@graph\":[{\"@type\":\"WebPage\",\"@id\":\"https:\/\/jlbauditores.es\/accesibilidad\/\",\"url\":\"https:\/\/jlbauditores.es\/accesibilidad\/\",\"name\":\"Accesibilidad - JLB auditores\",\"isPartOf\":{\"@id\":\"https:\/\/jlbauditores.es\/#website\"},\"datePublished\":\"2023-06-27T09:23:15+00:00\",\"dateModified\":\"2025-04-15T07:24:18+00:00\",\"breadcrumb\":{\"@id\":\"https:\/\/jlbauditores.es\/accesibilidad\/#breadcrumb\"},\"inLanguage\":\"en-US\",\"potentialAction\":[{\"@type\":\"ReadAction\",\"target\":[\"https:\/\/jlbauditores.es\/accesibilidad\/\"]}]},{\"@type\":\"BreadcrumbList\",\"@id\":\"https:\/\/jlbauditores.es\/accesibilidad\/#breadcrumb\",\"itemListElement\":[{\"@type\":\"ListItem\",\"position\":1,\"name\":\"Portada\",\"item\":\"https:\/\/jlbauditores.es\/\"},{\"@type\":\"ListItem\",\"position\":2,\"name\":\"Accesibilidad\"}]},{\"@type\":\"WebSite\",\"@id\":\"https:\/\/jlbauditores.es\/#website\",\"url\":\"https:\/\/jlbauditores.es\/\",\"name\":\"Evidence\",\"description\":\"JLB auditores\",\"publisher\":{\"@id\":\"https:\/\/jlbauditores.es\/#organization\"},\"alternateName\":\"evidence auditores\",\"potentialAction\":[{\"@type\":\"SearchAction\",\"target\":{\"@type\":\"EntryPoint\",\"urlTemplate\":\"https:\/\/jlbauditores.es\/?s={search_term_string}\"},\"query-input\":{\"@type\":\"PropertyValueSpecification\",\"valueRequired\":true,\"valueName\":\"search_term_string\"}}],\"inLanguage\":\"en-US\"},{\"@type\":\"Organization\",\"@id\":\"https:\/\/jlbauditores.es\/#organization\",\"name\":\"Evidence auditores S.L\",\"url\":\"https:\/\/jlbauditores.es\/\",\"logo\":{\"@type\":\"ImageObject\",\"inLanguage\":\"en-US\",\"@id\":\"https:\/\/jlbauditores.es\/#\/schema\/logo\/image\/\",\"url\":\"https:\/\/jlbauditores.es\/wp-content\/uploads\/cropped-Auditores.png\",\"contentUrl\":\"https:\/\/jlbauditores.es\/wp-content\/uploads\/cropped-Auditores.png\",\"width\":500,\"height\":195,\"caption\":\"Evidence auditores S.L\"},\"image\":{\"@id\":\"https:\/\/jlbauditores.es\/#\/schema\/logo\/image\/\"}}]}<\/script>\n<!-- \/ Yoast SEO plugin. -->","yoast_head_json":{"title":"Accesibilidad - JLB auditores","robots":{"index":"index","follow":"follow","max-snippet":"max-snippet:-1","max-image-preview":"max-image-preview:large","max-video-preview":"max-video-preview:-1"},"canonical":"https:\/\/jlbauditores.es\/en\/accesibilidad\/","og_locale":"en_US","og_type":"article","og_title":"Accesibilidad - JLB auditores","og_description":"DECLARACI\u00d3N DE ACCESIBILIDAD Evidence Auditores S.L se ha comprometido a hacer accesible este sitio web. En esta Declaraci\u00f3n de accesibilidad web, cumplimos con el Real Decreto 1112\/2018, de 7 de septiembre, garantizando el acceso a todos los usuarios. Situaci\u00f3n de cumplimiento Esta Declaraci\u00f3n de accesibilidad web detalla las medidas adoptadas para cumplir con la normativa [&hellip;]","og_url":"https:\/\/jlbauditores.es\/en\/accesibilidad\/","og_site_name":"JLB auditores","article_modified_time":"2025-04-15T07:24:18+00:00","twitter_card":"summary_large_image","twitter_misc":{"Est. reading time":"2 minutes"},"schema":{"@context":"https:\/\/schema.org","@graph":[{"@type":"WebPage","@id":"https:\/\/jlbauditores.es\/accesibilidad\/","url":"https:\/\/jlbauditores.es\/accesibilidad\/","name":"Accesibilidad - JLB auditores","isPartOf":{"@id":"https:\/\/jlbauditores.es\/#website"},"datePublished":"2023-06-27T09:23:15+00:00","dateModified":"2025-04-15T07:24:18+00:00","breadcrumb":{"@id":"https:\/\/jlbauditores.es\/accesibilidad\/#breadcrumb"},"inLanguage":"en-US","potentialAction":[{"@type":"ReadAction","target":["https:\/\/jlbauditores.es\/accesibilidad\/"]}]},{"@type":"BreadcrumbList","@id":"https:\/\/jlbauditores.es\/accesibilidad\/#breadcrumb","itemListElement":[{"@type":"ListItem","position":1,"name":"Portada","item":"https:\/\/jlbauditores.es\/"},{"@type":"ListItem","position":2,"name":"Accesibilidad"}]},{"@type":"WebSite","@id":"https:\/\/jlbauditores.es\/#website","url":"https:\/\/jlbauditores.es\/","name":"Evidence","description":"JLB auditores","publisher":{"@id":"https:\/\/jlbauditores.es\/#organization"},"alternateName":"evidence auditores","potentialAction":[{"@type":"SearchAction","target":{"@type":"EntryPoint","urlTemplate":"https:\/\/jlbauditores.es\/?s={search_term_string}"},"query-input":{"@type":"PropertyValueSpecification","valueRequired":true,"valueName":"search_term_string"}}],"inLanguage":"en-US"},{"@type":"Organization","@id":"https:\/\/jlbauditores.es\/#organization","name":"Evidence auditores S.L","url":"https:\/\/jlbauditores.es\/","logo":{"@type":"ImageObject","inLanguage":"en-US","@id":"https:\/\/jlbauditores.es\/#\/schema\/logo\/image\/","url":"https:\/\/jlbauditores.es\/wp-content\/uploads\/cropped-Auditores.png","contentUrl":"https:\/\/jlbauditores.es\/wp-content\/uploads\/cropped-Auditores.png","width":500,"height":195,"caption":"Evidence auditores S.L"},"image":{"@id":"https:\/\/jlbauditores.es\/#\/schema\/logo\/image\/"}}]}},"_links":{"self":[{"href":"https:\/\/jlbauditores.es\/en\/wp-json\/wp\/v2\/pages\/16","targetHints":{"allow":["GET"]}}],"collection":[{"href":"https:\/\/jlbauditores.es\/en\/wp-json\/wp\/v2\/pages"}],"about":[{"href":"https:\/\/jlbauditores.es\/en\/wp-json\/wp\/v2\/types\/page"}],"author":[{"embeddable":true,"href":"https:\/\/jlbauditores.es\/en\/wp-json\/wp\/v2\/users\/1"}],"replies":[{"embeddable":true,"href":"https:\/\/jlbauditores.es\/en\/wp-json\/wp\/v2\/comments?post=16"}],"version-history":[{"count":11,"href":"https:\/\/jlbauditores.es\/en\/wp-json\/wp\/v2\/pages\/16\/revisions"}],"predecessor-version":[{"id":914,"href":"https:\/\/jlbauditores.es\/en\/wp-json\/wp\/v2\/pages\/16\/revisions\/914"}],"wp:attachment":[{"href":"https:\/\/jlbauditores.es\/en\/wp-json\/wp\/v2\/media?parent=16"}],"curies":[{"name":"wp","href":"https:\/\/api.w.org\/{rel}","templated":true}]}}